{"id":325,"date":"2016-04-22T08:26:03","date_gmt":"2016-04-22T06:26:03","guid":{"rendered":"http:\/\/www.drtec.com\/?page_id=325"},"modified":"2018-02-04T10:28:36","modified_gmt":"2018-02-04T09:28:36","slug":"indicatori-statici","status":"publish","type":"page","link":"http:\/\/www.drtec.com\/it\/prodotti\/indicatori-statici\/","title":{"rendered":"Indicatori statici"},"content":{"rendered":"<p><\/p>\n<hr>\n<p><a href=\"http:\/\/www.drtec.com\/wp-content\/uploads\/RLT-01.png\" target=\"_blank\" rel=\"noopener\"><img loading=\"lazy\" class=\"alignright wp-image-957\" title=\"Click allarga\" src=\"http:\/\/www.drtec.com\/wp-content\/uploads\/RLT-01-199x300.png\" alt=\"\" width=\"300\" height=\"451\" srcset=\"http:\/\/www.drtec.com\/wp-content\/uploads\/RLT-01-199x300.png 199w, http:\/\/www.drtec.com\/wp-content\/uploads\/RLT-01-681x1024.png 681w, http:\/\/www.drtec.com\/wp-content\/uploads\/RLT-01-100x150.png 100w, http:\/\/www.drtec.com\/wp-content\/uploads\/RLT-01.png 900w\" sizes=\"(max-width: 300px) 100vw, 300px\" \/><\/a>Conoscere lo stato di un impianto, di una rete elettrica o di un locomotore \u00e8 fondamentale per garantire la continuit\u00e0 e la sicurezza del servizio. Gli indicatori statici, di tipo analogico o digitale, comprendono i seguenti prodotti.<\/p>\n<ul>\n<li>Rel\u00e8 di tensione in continua e alternata<\/li>\n<li>Rel\u00e8 di corrente&nbsp;in continua e alternata<\/li>\n<li>Rel\u00e8 di terra o isolamento<\/li>\n<li>Rel\u00e8 di fase e sequenza inversa<\/li>\n<li>Rel\u00e8 e misuratori digitali programmabili<\/li>\n<\/ul>\n<p>La serie si sviluppa con le seguenti caratteristiche.<\/p>\n<ul>\n<li>Tensione:&nbsp; &nbsp;24-48-115-144-230-400 Vcc e Vca&nbsp;<\/li>\n<li>Segnalazioni: locali e a distanza con contatti liberi da tensione<\/li>\n<li>Linee di misura: da 1 a 8<\/li>\n<\/ul>\n<p>La serie comprende i seguenti prodotti.<\/p>\n\n<table id=\"tablepress-11\" class=\"tablepress tablepress-id-11\">\n<thead>\n<tr class=\"row-1 odd\">\n\t<th class=\"column-1\">Tipo<\/th><th class=\"column-2\">Descrizione<\/th><th class=\"column-3\">PDF<\/th>\n<\/tr>\n<\/thead>\n<tbody class=\"row-hover\">\n<tr class=\"row-2 even\">\n\t<td class=\"column-1\">RJF-A<\/td><td class=\"column-2\">Rel\u00e8 di isolamento monofase in corrente alternata<\/td><td class=\"column-3\"><a href=\"http:\/\/www.drtec.com\/wp-content\/uploads\/RJF1040.pdf\" rel=\"noopener\" target=\"_blank\">RJF1040<\/a><\/td>\n<\/tr>\n<tr class=\"row-3 odd\">\n\t<td class=\"column-1\">RJF-T<\/td><td class=\"column-2\">Rel\u00e8 di isolamento trifase in corrente alternata<\/td><td class=\"column-3\"><a href=\"http:\/\/www.drtec.com\/wp-content\/uploads\/RJF1040.pdf\" rel=\"noopener\" target=\"_blank\">RJF1040<\/a><\/td>\n<\/tr>\n<tr class=\"row-4 even\">\n\t<td class=\"column-1\">RJF-C<\/td><td class=\"column-2\">Rel\u00e8 di isolamento bipolare in corrente continua<\/td><td class=\"column-3\"><a href=\"http:\/\/www.drtec.com\/wp-content\/uploads\/RJF1040.pdf\" rel=\"noopener\" target=\"_blank\">RJF1040<\/a><\/td>\n<\/tr>\n<tr class=\"row-5 odd\">\n\t<td class=\"column-1\">RJF-V<\/td><td class=\"column-2\">Scheda controllo per 6 sorgenti in alternata o continua<\/td><td class=\"column-3\"><a href=\"http:\/\/www.drtec.com\/wp-content\/uploads\/RJF1040.pdf\" rel=\"noopener\" target=\"_blank\">RJF1040<\/a><\/td>\n<\/tr>\n<tr class=\"row-6 even\">\n\t<td class=\"column-1\">RJF-R<\/td><td class=\"column-2\">Cestello di contenimento fino a 7 rel\u00e8 di isolamento<\/td><td class=\"column-3\"><a href=\"http:\/\/www.drtec.com\/wp-content\/uploads\/RJF1040.pdf\" rel=\"noopener\" target=\"_blank\">RJF1040<\/a><\/td>\n<\/tr>\n<tr class=\"row-7 odd\">\n\t<td class=\"column-1\">RVF-A<\/td><td class=\"column-2\">Rel\u00e8 di tensione monofase in corrente alternata<\/td><td class=\"column-3\"><a href=\"http:\/\/www.drtec.com\/wp-content\/uploads\/RVF1040.pdf\" rel=\"noopener\" target=\"_blank\">RVF1040<\/a><\/td>\n<\/tr>\n<tr class=\"row-8 even\">\n\t<td class=\"column-1\">RVF-C<\/td><td class=\"column-2\">Rel\u00e8 di tensione in corrente continua<\/td><td class=\"column-3\"><a href=\"http:\/\/www.drtec.com\/wp-content\/uploads\/RVF1040.pdf\" rel=\"noopener\" target=\"_blank\">RVF1040<\/a><\/td>\n<\/tr>\n<tr class=\"row-9 odd\">\n\t<td class=\"column-1\">RVF-T<\/td><td class=\"column-2\">Rel\u00e8 di tensione trifase in corrente alternata<\/td><td class=\"column-3\"><a href=\"http:\/\/www.drtec.com\/wp-content\/uploads\/RVF1040.pdf\" rel=\"noopener\" target=\"_blank\">RVF1040<\/a><\/td>\n<\/tr>\n<tr class=\"row-10 even\">\n\t<td class=\"column-1\">RVF-S<\/td><td class=\"column-2\">Rel\u00e8 di sequenza inversa trifase<\/td><td class=\"column-3\"><a href=\"http:\/\/www.drtec.com\/wp-content\/uploads\/RVF1040.pdf\" rel=\"noopener\" target=\"_blank\">RVF1040<\/a><\/td>\n<\/tr>\n<tr class=\"row-11 odd\">\n\t<td class=\"column-1\">MDS-0X<\/td><td class=\"column-2\">Controllore programmabile a 8 ingressi analogici e 8 digitali<\/td><td class=\"column-3\"><a href=\"http:\/\/www.drtec.com\/wp-content\/uploads\/MDS0406.pdf\" rel=\"noopener\" target=\"_blank\">MDS0406<\/a><\/td>\n<\/tr>\n<tr class=\"row-12 even\">\n\t<td class=\"column-1\">MDR-01<\/td><td class=\"column-2\">Convertitore di tensione alternata RMS\/DC<\/td><td class=\"column-3\"><a href=\"http:\/\/www.drtec.com\/wp-content\/uploads\/MDS0406.pdf\" rel=\"noopener\" target=\"_blank\">MDS0406<\/a><\/td>\n<\/tr>\n<tr class=\"row-13 odd\">\n\t<td class=\"column-1\">MDL-01<\/td><td class=\"column-2\">Isolatore digitale di classe 2<\/td><td class=\"column-3\"><a href=\"http:\/\/www.drtec.com\/wp-content\/uploads\/MDS0406.pdf\" rel=\"noopener\" target=\"_blank\">MDS0406<\/a><\/td>\n<\/tr>\n<tr class=\"row-14 even\">\n\t<td class=\"column-1\">MDA-01<\/td><td class=\"column-2\">Rivelatore bipolare di terra in corrente continua<\/td><td class=\"column-3\"><a href=\"http:\/\/www.drtec.com\/wp-content\/uploads\/MDS0406.pdf\" rel=\"noopener\" target=\"_blank\">MDS0406<\/a><\/td>\n<\/tr>\n<tr class=\"row-15 odd\">\n\t<td class=\"column-1\">MDB-01<\/td><td class=\"column-2\">Isolatore analogico differenziale di tensione continua<\/td><td class=\"column-3\"><a href=\"http:\/\/www.drtec.com\/wp-content\/uploads\/MDS0406.pdf\" rel=\"noopener\" target=\"_blank\">MDS0406<\/a><\/td>\n<\/tr>\n<tr class=\"row-16 even\">\n\t<td class=\"column-1\">MDI-01<\/td><td class=\"column-2\">Isolatore di comunicazione I2C<\/td><td class=\"column-3\"><a href=\"http:\/\/www.drtec.com\/wp-content\/uploads\/MDS0406.pdf\" rel=\"noopener\" target=\"_blank\">MDS0406<\/a><\/td>\n<\/tr>\n<tr class=\"row-17 odd\">\n\t<td class=\"column-1\">MDC-01<\/td><td class=\"column-2\">Isolatore di comunicazione RS-485<\/td><td class=\"column-3\"><a href=\"http:\/\/www.drtec.com\/wp-content\/uploads\/MDS0406.pdf\" rel=\"noopener\" target=\"_blank\">MDS0406<\/a><\/td>\n<\/tr>\n<\/tbody>\n<\/table>\n<!-- #tablepress-11 from cache -->\n<p><\/p>","protected":false},"excerpt":{"rendered":"<p>Conoscere lo stato di un impianto, di una rete elettrica o di un locomotore \u00e8 fondamentale per garantire la continuit\u00e0 e la sicurezza del servizio. Gli indicatori statici, di tipo analogico o digitale, comprendono i seguenti prodotti. Rel\u00e8 di tensione in continua e alternata Rel\u00e8 di corrente&nbsp;in continua e alternata \u2026 <a class=\"continue-reading-link\" href=\"http:\/\/www.drtec.com\/it\/prodotti\/indicatori-statici\/\"> Continue reading <span class=\"meta-nav\">&rarr; <\/span><\/a><\/p>\n","protected":false},"author":1,"featured_media":0,"parent":252,"menu_order":5,"comment_status":"closed","ping_status":"closed","template":"","meta":{"ngg_post_thumbnail":0},"yoast_head":"<!-- This site is optimized with the Yoast SEO plugin v19.6.1 - https:\/\/yoast.com\/wordpress\/plugins\/seo\/ -->\n<title>Indicatori statici - DRTecnologie<\/title>\n<meta name=\"robots\" content=\"index, follow, max-snippet:-1, max-image-preview:large, max-video-preview:-1\" \/>\n<link rel=\"canonical\" href=\"http:\/\/www.drtec.com\/it\/prodotti\/indicatori-statici\/\" \/>\n<meta property=\"og:locale\" content=\"it_IT\" \/>\n<meta property=\"og:type\" content=\"article\" \/>\n<meta property=\"og:title\" content=\"Indicatori statici - DRTecnologie\" \/>\n<meta property=\"og:description\" content=\"Conoscere lo stato di un impianto, di una rete elettrica o di un locomotore \u00e8 fondamentale per garantire la continuit\u00e0 e la sicurezza del servizio. Gli indicatori statici, di tipo analogico o digitale, comprendono i seguenti prodotti. Rel\u00e8 di tensione in continua e alternata Rel\u00e8 di corrente&nbsp;in continua e alternata \u2026 Continue reading &rarr;\" \/>\n<meta property=\"og:url\" content=\"http:\/\/www.drtec.com\/it\/prodotti\/indicatori-statici\/\" \/>\n<meta property=\"og:site_name\" content=\"DRTecnologie\" \/>\n<meta property=\"article:modified_time\" content=\"2018-02-04T09:28:36+00:00\" \/>\n<meta property=\"og:image\" content=\"http:\/\/www.drtec.com\/wp-content\/uploads\/RLT-01-199x300.png\" \/>\n<meta name=\"twitter:card\" content=\"summary_large_image\" \/>\n<meta name=\"twitter:site\" content=\"@drtecnologie\" \/>\n<meta name=\"twitter:label1\" content=\"Tempo di lettura stimato\" \/>\n\t<meta name=\"twitter:data1\" content=\"1 minuto\" \/>\n<script type=\"application\/ld+json\" class=\"yoast-schema-graph\">{\"@context\":\"https:\/\/schema.org\",\"@graph\":[{\"@type\":\"WebPage\",\"@id\":\"http:\/\/www.drtec.com\/it\/prodotti\/indicatori-statici\/\",\"url\":\"http:\/\/www.drtec.com\/it\/prodotti\/indicatori-statici\/\",\"name\":\"Indicatori statici - DRTecnologie\",\"isPartOf\":{\"@id\":\"http:\/\/www.drtec.com\/it\/#website\"},\"datePublished\":\"2016-04-22T06:26:03+00:00\",\"dateModified\":\"2018-02-04T09:28:36+00:00\",\"breadcrumb\":{\"@id\":\"http:\/\/www.drtec.com\/it\/prodotti\/indicatori-statici\/#breadcrumb\"},\"inLanguage\":\"it-IT\",\"potentialAction\":[{\"@type\":\"ReadAction\",\"target\":[\"http:\/\/www.drtec.com\/it\/prodotti\/indicatori-statici\/\"]}]},{\"@type\":\"BreadcrumbList\",\"@id\":\"http:\/\/www.drtec.com\/it\/prodotti\/indicatori-statici\/#breadcrumb\",\"itemListElement\":[{\"@type\":\"ListItem\",\"position\":1,\"name\":\"Home\",\"item\":\"http:\/\/www.drtec.com\/en\/\"},{\"@type\":\"ListItem\",\"position\":2,\"name\":\"Prodotti\",\"item\":\"http:\/\/www.drtec.com\/it\/prodotti\/\"},{\"@type\":\"ListItem\",\"position\":3,\"name\":\"Indicatori statici\"}]},{\"@type\":\"WebSite\",\"@id\":\"http:\/\/www.drtec.com\/it\/#website\",\"url\":\"http:\/\/www.drtec.com\/it\/\",\"name\":\"DRTecnologie\",\"description\":\"Quando l\u2019energia elettrica \u00e8 sicurezza, noi ci siamo\",\"publisher\":{\"@id\":\"http:\/\/www.drtec.com\/it\/#organization\"},\"potentialAction\":[{\"@type\":\"SearchAction\",\"target\":{\"@type\":\"EntryPoint\",\"urlTemplate\":\"http:\/\/www.drtec.com\/it\/?s={search_term_string}\"},\"query-input\":\"required name=search_term_string\"}],\"inLanguage\":\"it-IT\"},{\"@type\":\"Organization\",\"@id\":\"http:\/\/www.drtec.com\/it\/#organization\",\"name\":\"DRTecnologie\",\"url\":\"http:\/\/www.drtec.com\/it\/\",\"sameAs\":[\"https:\/\/www.linkedin.com\/company\/drtecnologie\/\",\"https:\/\/twitter.com\/drtecnologie\"],\"logo\":{\"@type\":\"ImageObject\",\"inLanguage\":\"it-IT\",\"@id\":\"http:\/\/www.drtec.com\/it\/#\/schema\/logo\/image\/\",\"url\":\"http:\/\/www.drtec.com\/wp-content\/uploads\/drtlogo2016b.png\",\"contentUrl\":\"http:\/\/www.drtec.com\/wp-content\/uploads\/drtlogo2016b.png\",\"width\":247,\"height\":100,\"caption\":\"DRTecnologie\"},\"image\":{\"@id\":\"http:\/\/www.drtec.com\/it\/#\/schema\/logo\/image\/\"}}]}<\/script>\n<!-- \/ Yoast SEO plugin. -->","yoast_head_json":{"title":"Indicatori statici - DRTecnologie","robots":{"index":"index","follow":"follow","max-snippet":"max-snippet:-1","max-image-preview":"max-image-preview:large","max-video-preview":"max-video-preview:-1"},"canonical":"http:\/\/www.drtec.com\/it\/prodotti\/indicatori-statici\/","og_locale":"it_IT","og_type":"article","og_title":"Indicatori statici - DRTecnologie","og_description":"Conoscere lo stato di un impianto, di una rete elettrica o di un locomotore \u00e8 fondamentale per garantire la continuit\u00e0 e la sicurezza del servizio. Gli indicatori statici, di tipo analogico o digitale, comprendono i seguenti prodotti. Rel\u00e8 di tensione in continua e alternata Rel\u00e8 di corrente&nbsp;in continua e alternata \u2026 Continue reading &rarr;","og_url":"http:\/\/www.drtec.com\/it\/prodotti\/indicatori-statici\/","og_site_name":"DRTecnologie","article_modified_time":"2018-02-04T09:28:36+00:00","og_image":[{"url":"http:\/\/www.drtec.com\/wp-content\/uploads\/RLT-01-199x300.png"}],"twitter_card":"summary_large_image","twitter_site":"@drtecnologie","twitter_misc":{"Tempo di lettura stimato":"1 minuto"},"schema":{"@context":"https:\/\/schema.org","@graph":[{"@type":"WebPage","@id":"http:\/\/www.drtec.com\/it\/prodotti\/indicatori-statici\/","url":"http:\/\/www.drtec.com\/it\/prodotti\/indicatori-statici\/","name":"Indicatori statici - DRTecnologie","isPartOf":{"@id":"http:\/\/www.drtec.com\/it\/#website"},"datePublished":"2016-04-22T06:26:03+00:00","dateModified":"2018-02-04T09:28:36+00:00","breadcrumb":{"@id":"http:\/\/www.drtec.com\/it\/prodotti\/indicatori-statici\/#breadcrumb"},"inLanguage":"it-IT","potentialAction":[{"@type":"ReadAction","target":["http:\/\/www.drtec.com\/it\/prodotti\/indicatori-statici\/"]}]},{"@type":"BreadcrumbList","@id":"http:\/\/www.drtec.com\/it\/prodotti\/indicatori-statici\/#breadcrumb","itemListElement":[{"@type":"ListItem","position":1,"name":"Home","item":"http:\/\/www.drtec.com\/en\/"},{"@type":"ListItem","position":2,"name":"Prodotti","item":"http:\/\/www.drtec.com\/it\/prodotti\/"},{"@type":"ListItem","position":3,"name":"Indicatori statici"}]},{"@type":"WebSite","@id":"http:\/\/www.drtec.com\/it\/#website","url":"http:\/\/www.drtec.com\/it\/","name":"DRTecnologie","description":"Quando l\u2019energia elettrica \u00e8 sicurezza, noi ci siamo","publisher":{"@id":"http:\/\/www.drtec.com\/it\/#organization"},"potentialAction":[{"@type":"SearchAction","target":{"@type":"EntryPoint","urlTemplate":"http:\/\/www.drtec.com\/it\/?s={search_term_string}"},"query-input":"required name=search_term_string"}],"inLanguage":"it-IT"},{"@type":"Organization","@id":"http:\/\/www.drtec.com\/it\/#organization","name":"DRTecnologie","url":"http:\/\/www.drtec.com\/it\/","sameAs":["https:\/\/www.linkedin.com\/company\/drtecnologie\/","https:\/\/twitter.com\/drtecnologie"],"logo":{"@type":"ImageObject","inLanguage":"it-IT","@id":"http:\/\/www.drtec.com\/it\/#\/schema\/logo\/image\/","url":"http:\/\/www.drtec.com\/wp-content\/uploads\/drtlogo2016b.png","contentUrl":"http:\/\/www.drtec.com\/wp-content\/uploads\/drtlogo2016b.png","width":247,"height":100,"caption":"DRTecnologie"},"image":{"@id":"http:\/\/www.drtec.com\/it\/#\/schema\/logo\/image\/"}}]}},"_links":{"self":[{"href":"http:\/\/www.drtec.com\/it\/wp-json\/wp\/v2\/pages\/325"}],"collection":[{"href":"http:\/\/www.drtec.com\/it\/wp-json\/wp\/v2\/pages"}],"about":[{"href":"http:\/\/www.drtec.com\/it\/wp-json\/wp\/v2\/types\/page"}],"author":[{"embeddable":true,"href":"http:\/\/www.drtec.com\/it\/wp-json\/wp\/v2\/users\/1"}],"replies":[{"embeddable":true,"href":"http:\/\/www.drtec.com\/it\/wp-json\/wp\/v2\/comments?post=325"}],"version-history":[{"count":16,"href":"http:\/\/www.drtec.com\/it\/wp-json\/wp\/v2\/pages\/325\/revisions"}],"predecessor-version":[{"id":1209,"href":"http:\/\/www.drtec.com\/it\/wp-json\/wp\/v2\/pages\/325\/revisions\/1209"}],"up":[{"embeddable":true,"href":"http:\/\/www.drtec.com\/it\/wp-json\/wp\/v2\/pages\/252"}],"wp:attachment":[{"href":"http:\/\/www.drtec.com\/it\/wp-json\/wp\/v2\/media?parent=325"}],"curies":[{"name":"wp","href":"https:\/\/api.w.org\/{rel}","templated":true}]}}