{"id":210,"date":"2016-04-12T16:50:15","date_gmt":"2016-04-12T14:50:15","guid":{"rendered":"http:\/\/www.drtec.com\/?page_id=210"},"modified":"2018-02-04T10:26:41","modified_gmt":"2018-02-04T09:26:41","slug":"commutatori-statici","status":"publish","type":"page","link":"http:\/\/www.drtec.com\/it\/prodotti\/commutatori-statici\/","title":{"rendered":"Commutatori Statici"},"content":{"rendered":"<p><\/p>\n<hr>\n<p><a href=\"http:\/\/www.drtec.com\/wp-content\/uploads\/CSM-CST-02.png\" target=\"_blank\" rel=\"noopener\"><img loading=\"lazy\" class=\"alignright wp-image-1001\" title=\"Click allarga\" src=\"http:\/\/www.drtec.com\/wp-content\/uploads\/CSM-CST-02-188x300.png\" alt=\"\" width=\"300\" height=\"480\" srcset=\"http:\/\/www.drtec.com\/wp-content\/uploads\/CSM-CST-02-188x300.png 188w, http:\/\/www.drtec.com\/wp-content\/uploads\/CSM-CST-02-640x1024.png 640w, http:\/\/www.drtec.com\/wp-content\/uploads\/CSM-CST-02-94x150.png 94w, http:\/\/www.drtec.com\/wp-content\/uploads\/CSM-CST-02.png 900w\" sizes=\"(max-width: 300px) 100vw, 300px\" \/><\/a>In presenza di due o pi\u00f9 sistemi di distribuzione affidabili e ridondanti, la soluzione pi\u00f9 valida \u00e8 l&#8217;installazione di un commutatore statico che, automaticamente, analizzi e scelga la sorgente pi\u00f9 disponibile.&nbsp;Possono essere di tipo monofase con uno o due fili commutati o trifase con&nbsp; tre o quattro fili. Le due o tre sorgenti di entrata devono avere il nodo equipotenziale comune in quanto i commutatori sono di tipo elettronico a semiconduttori.&nbsp;<\/p>\n<p>La serie si sviluppa con le seguenti caratteristiche.<\/p>\n<ul>\n<li>Tensione di entrata e uscita:&nbsp; &nbsp;115-230-400 V&nbsp;<\/li>\n<li>Potenza di uscita: da 0,5 a 100 kW<\/li>\n<li>Linee di entrata: 2-3<\/li>\n<\/ul>\n<p>La serie comprende i seguenti prodotti.<\/p>\n\n<table id=\"tablepress-9\" class=\"tablepress tablepress-id-9\">\n<thead>\n<tr class=\"row-1 odd\">\n\t<th class=\"column-1\">Tipo<\/th><th class=\"column-2\">Descrizione<\/th><th class=\"column-3\">PDF<\/th>\n<\/tr>\n<\/thead>\n<tbody class=\"row-hover\">\n<tr class=\"row-2 even\">\n\t<td class=\"column-1\">CSM500<\/td><td class=\"column-2\">Commutatore statico monofase a due linee non isolato P = 500VA<\/td><td class=\"column-3\"><a href=\"http:\/\/www.drtec.com\/wp-content\/uploads\/CSM1507.pdf\" rel=\"noopener\" target=\"_blank\">CSM1507<\/a><\/td>\n<\/tr>\n<tr class=\"row-3 odd\">\n\t<td class=\"column-1\">CSM1000<\/td><td class=\"column-2\">Commutatore statico monofase a due linee non isolato P = 1000VA<\/td><td class=\"column-3\"><a href=\"http:\/\/www.drtec.com\/wp-content\/uploads\/CSM1507.pdf\" rel=\"noopener\" target=\"_blank\">CSM1507<\/a><\/td>\n<\/tr>\n<tr class=\"row-4 even\">\n\t<td class=\"column-1\">CSM2000<\/td><td class=\"column-2\">Commutatore statico monofase a due linee non isolato P = 2000VA<\/td><td class=\"column-3\"><a href=\"http:\/\/www.drtec.com\/wp-content\/uploads\/CSM1507.pdf\" rel=\"noopener\" target=\"_blank\">CSM1507<\/a><\/td>\n<\/tr>\n<tr class=\"row-5 odd\">\n\t<td class=\"column-1\">CSM3000<\/td><td class=\"column-2\">Commutatore statico monofase a due linee non isolato P = 3000VA<\/td><td class=\"column-3\"><a href=\"http:\/\/www.drtec.com\/wp-content\/uploads\/CSM1507.pdf\" rel=\"noopener\" target=\"_blank\">CSM1507<\/a><\/td>\n<\/tr>\n<tr class=\"row-6 even\">\n\t<td class=\"column-1\">CSM5000<\/td><td class=\"column-2\">Commutatore statico monofase a due linee non isolato P = 5000VA<\/td><td class=\"column-3\"><a href=\"http:\/\/www.drtec.com\/wp-content\/uploads\/CSM1507.pdf\" rel=\"noopener\" target=\"_blank\">CSM1507<\/a><\/td>\n<\/tr>\n<tr class=\"row-7 odd\">\n\t<td class=\"column-1\">CSM8000<\/td><td class=\"column-2\">Commutatore statico monofase a due linee non isolato P = 8000VA<\/td><td class=\"column-3\"><a href=\"http:\/\/www.drtec.com\/wp-content\/uploads\/CSM1507.pdf\" rel=\"noopener\" target=\"_blank\">CSM1507<\/a><\/td>\n<\/tr>\n<tr class=\"row-8 even\">\n\t<td class=\"column-1\">CSM15000<\/td><td class=\"column-2\">Commutatore statico monofase a due linee non isolato P = 15000VA<\/td><td class=\"column-3\"><a href=\"http:\/\/www.drtec.com\/wp-content\/uploads\/CSM1507.pdf\" rel=\"noopener\" target=\"_blank\">CSM1507<\/a><\/td>\n<\/tr>\n<tr class=\"row-9 odd\">\n\t<td class=\"column-1\">CST3000<\/td><td class=\"column-2\">Commutatore statico trifase a due linee non isolato P = 3000VA<\/td><td class=\"column-3\"><a href=\"http:\/\/www.drtec.com\/wp-content\/uploads\/CST1507.pdf\" rel=\"noopener\" target=\"_blank\">CST1507<\/a><\/td>\n<\/tr>\n<tr class=\"row-10 even\">\n\t<td class=\"column-1\">CST6000<\/td><td class=\"column-2\">Commutatore statico trifase a due linee non isolato P = 6000VA<\/td><td class=\"column-3\"><a href=\"http:\/\/www.drtec.com\/wp-content\/uploads\/CST1507.pdf\" rel=\"noopener\" target=\"_blank\">CST1507<\/a><\/td>\n<\/tr>\n<tr class=\"row-11 odd\">\n\t<td class=\"column-1\">CST10000<\/td><td class=\"column-2\">Commutatore statico trifase a due linee non isolato P = 10000VA<\/td><td class=\"column-3\"><a href=\"http:\/\/www.drtec.com\/wp-content\/uploads\/CST1507.pdf\" rel=\"noopener\" target=\"_blank\">CST1507<\/a><\/td>\n<\/tr>\n<tr class=\"row-12 even\">\n\t<td class=\"column-1\">CST16000<\/td><td class=\"column-2\">Commutatore statico trifase a due linee non isolato P = 16000VA<\/td><td class=\"column-3\"><a href=\"http:\/\/www.drtec.com\/wp-content\/uploads\/CST1507.pdf\" rel=\"noopener\" target=\"_blank\">CST1507<\/a><\/td>\n<\/tr>\n<tr class=\"row-13 odd\">\n\t<td class=\"column-1\">CST25000<\/td><td class=\"column-2\">Commutatore statico trifase a due linee non isolato P = 25000VA<\/td><td class=\"column-3\"><a href=\"http:\/\/www.drtec.com\/wp-content\/uploads\/CST1507.pdf\" rel=\"noopener\" target=\"_blank\">CST1507<\/a><\/td>\n<\/tr>\n<tr class=\"row-14 even\">\n\t<td class=\"column-1\">CST40000<\/td><td class=\"column-2\">Commutatore statico trifase a due linee non isolato P = 40000VA<\/td><td class=\"column-3\"><a href=\"http:\/\/www.drtec.com\/wp-content\/uploads\/CST1507.pdf\" rel=\"noopener\" target=\"_blank\">CST1507<\/a><\/td>\n<\/tr>\n<\/tbody>\n<\/table>\n<!-- #tablepress-9 from cache -->\n<p><\/p>","protected":false},"excerpt":{"rendered":"<p>In presenza di due o pi\u00f9 sistemi di distribuzione affidabili e ridondanti, la soluzione pi\u00f9 valida \u00e8 l&#8217;installazione di un commutatore statico che, automaticamente, analizzi e scelga la sorgente pi\u00f9 disponibile.&nbsp;Possono essere di tipo monofase con uno o due fili commutati o trifase con&nbsp; tre o quattro fili. Le due \u2026 <a class=\"continue-reading-link\" href=\"http:\/\/www.drtec.com\/it\/prodotti\/commutatori-statici\/\"> Continue reading <span class=\"meta-nav\">&rarr; <\/span><\/a><\/p>\n","protected":false},"author":1,"featured_media":0,"parent":252,"menu_order":3,"comment_status":"closed","ping_status":"closed","template":"","meta":{"ngg_post_thumbnail":0},"yoast_head":"<!-- This site is optimized with the Yoast SEO plugin v19.6.1 - https:\/\/yoast.com\/wordpress\/plugins\/seo\/ -->\n<title>Commutatori Statici - DRTecnologie<\/title>\n<meta name=\"robots\" content=\"index, follow, max-snippet:-1, max-image-preview:large, max-video-preview:-1\" \/>\n<link rel=\"canonical\" href=\"http:\/\/www.drtec.com\/en\/prodotti\/commutatori-statici\/\" \/>\n<meta property=\"og:locale\" content=\"it_IT\" \/>\n<meta property=\"og:type\" content=\"article\" \/>\n<meta property=\"og:title\" content=\"Commutatori Statici - DRTecnologie\" \/>\n<meta property=\"og:description\" content=\"In presenza di due o pi\u00f9 sistemi di distribuzione affidabili e ridondanti, la soluzione pi\u00f9 valida \u00e8 l&#8217;installazione di un commutatore statico che, automaticamente, analizzi e scelga la sorgente pi\u00f9 disponibile.&nbsp;Possono essere di tipo monofase con uno o due fili commutati o trifase con&nbsp; tre o quattro fili. Le due \u2026 Continue reading &rarr;\" \/>\n<meta property=\"og:url\" content=\"http:\/\/www.drtec.com\/en\/prodotti\/commutatori-statici\/\" \/>\n<meta property=\"og:site_name\" content=\"DRTecnologie\" \/>\n<meta property=\"article:modified_time\" content=\"2018-02-04T09:26:41+00:00\" \/>\n<meta property=\"og:image\" content=\"http:\/\/www.drtec.com\/wp-content\/uploads\/CSM-CST-02-188x300.png\" \/>\n<meta name=\"twitter:card\" content=\"summary_large_image\" \/>\n<meta name=\"twitter:site\" content=\"@drtecnologie\" \/>\n<meta name=\"twitter:label1\" content=\"Tempo di lettura stimato\" \/>\n\t<meta name=\"twitter:data1\" content=\"1 minuto\" \/>\n<script type=\"application\/ld+json\" class=\"yoast-schema-graph\">{\"@context\":\"https:\/\/schema.org\",\"@graph\":[{\"@type\":\"WebPage\",\"@id\":\"http:\/\/www.drtec.com\/en\/prodotti\/commutatori-statici\/\",\"url\":\"http:\/\/www.drtec.com\/en\/prodotti\/commutatori-statici\/\",\"name\":\"Commutatori Statici - DRTecnologie\",\"isPartOf\":{\"@id\":\"http:\/\/www.drtec.com\/it\/#website\"},\"datePublished\":\"2016-04-12T14:50:15+00:00\",\"dateModified\":\"2018-02-04T09:26:41+00:00\",\"breadcrumb\":{\"@id\":\"http:\/\/www.drtec.com\/en\/prodotti\/commutatori-statici\/#breadcrumb\"},\"inLanguage\":\"it-IT\",\"potentialAction\":[{\"@type\":\"ReadAction\",\"target\":[\"http:\/\/www.drtec.com\/en\/prodotti\/commutatori-statici\/\"]}]},{\"@type\":\"BreadcrumbList\",\"@id\":\"http:\/\/www.drtec.com\/en\/prodotti\/commutatori-statici\/#breadcrumb\",\"itemListElement\":[{\"@type\":\"ListItem\",\"position\":1,\"name\":\"Home\",\"item\":\"http:\/\/www.drtec.com\/en\/\"},{\"@type\":\"ListItem\",\"position\":2,\"name\":\"Prodotti\",\"item\":\"http:\/\/www.drtec.com\/it\/prodotti\/\"},{\"@type\":\"ListItem\",\"position\":3,\"name\":\"Static switches\"}]},{\"@type\":\"WebSite\",\"@id\":\"http:\/\/www.drtec.com\/it\/#website\",\"url\":\"http:\/\/www.drtec.com\/it\/\",\"name\":\"DRTecnologie\",\"description\":\"Quando l\u2019energia elettrica \u00e8 sicurezza, noi ci siamo\",\"publisher\":{\"@id\":\"http:\/\/www.drtec.com\/it\/#organization\"},\"potentialAction\":[{\"@type\":\"SearchAction\",\"target\":{\"@type\":\"EntryPoint\",\"urlTemplate\":\"http:\/\/www.drtec.com\/it\/?s={search_term_string}\"},\"query-input\":\"required name=search_term_string\"}],\"inLanguage\":\"it-IT\"},{\"@type\":\"Organization\",\"@id\":\"http:\/\/www.drtec.com\/it\/#organization\",\"name\":\"DRTecnologie\",\"url\":\"http:\/\/www.drtec.com\/it\/\",\"sameAs\":[\"https:\/\/www.linkedin.com\/company\/drtecnologie\/\",\"https:\/\/twitter.com\/drtecnologie\"],\"logo\":{\"@type\":\"ImageObject\",\"inLanguage\":\"it-IT\",\"@id\":\"http:\/\/www.drtec.com\/it\/#\/schema\/logo\/image\/\",\"url\":\"http:\/\/www.drtec.com\/wp-content\/uploads\/drtlogo2016b.png\",\"contentUrl\":\"http:\/\/www.drtec.com\/wp-content\/uploads\/drtlogo2016b.png\",\"width\":247,\"height\":100,\"caption\":\"DRTecnologie\"},\"image\":{\"@id\":\"http:\/\/www.drtec.com\/it\/#\/schema\/logo\/image\/\"}}]}<\/script>\n<!-- \/ Yoast SEO plugin. -->","yoast_head_json":{"title":"Commutatori Statici - DRTecnologie","robots":{"index":"index","follow":"follow","max-snippet":"max-snippet:-1","max-image-preview":"max-image-preview:large","max-video-preview":"max-video-preview:-1"},"canonical":"http:\/\/www.drtec.com\/en\/prodotti\/commutatori-statici\/","og_locale":"it_IT","og_type":"article","og_title":"Commutatori Statici - DRTecnologie","og_description":"In presenza di due o pi\u00f9 sistemi di distribuzione affidabili e ridondanti, la soluzione pi\u00f9 valida \u00e8 l&#8217;installazione di un commutatore statico che, automaticamente, analizzi e scelga la sorgente pi\u00f9 disponibile.&nbsp;Possono essere di tipo monofase con uno o due fili commutati o trifase con&nbsp; tre o quattro fili. Le due \u2026 Continue reading &rarr;","og_url":"http:\/\/www.drtec.com\/en\/prodotti\/commutatori-statici\/","og_site_name":"DRTecnologie","article_modified_time":"2018-02-04T09:26:41+00:00","og_image":[{"url":"http:\/\/www.drtec.com\/wp-content\/uploads\/CSM-CST-02-188x300.png"}],"twitter_card":"summary_large_image","twitter_site":"@drtecnologie","twitter_misc":{"Tempo di lettura stimato":"1 minuto"},"schema":{"@context":"https:\/\/schema.org","@graph":[{"@type":"WebPage","@id":"http:\/\/www.drtec.com\/en\/prodotti\/commutatori-statici\/","url":"http:\/\/www.drtec.com\/en\/prodotti\/commutatori-statici\/","name":"Commutatori Statici - DRTecnologie","isPartOf":{"@id":"http:\/\/www.drtec.com\/it\/#website"},"datePublished":"2016-04-12T14:50:15+00:00","dateModified":"2018-02-04T09:26:41+00:00","breadcrumb":{"@id":"http:\/\/www.drtec.com\/en\/prodotti\/commutatori-statici\/#breadcrumb"},"inLanguage":"it-IT","potentialAction":[{"@type":"ReadAction","target":["http:\/\/www.drtec.com\/en\/prodotti\/commutatori-statici\/"]}]},{"@type":"BreadcrumbList","@id":"http:\/\/www.drtec.com\/en\/prodotti\/commutatori-statici\/#breadcrumb","itemListElement":[{"@type":"ListItem","position":1,"name":"Home","item":"http:\/\/www.drtec.com\/en\/"},{"@type":"ListItem","position":2,"name":"Prodotti","item":"http:\/\/www.drtec.com\/it\/prodotti\/"},{"@type":"ListItem","position":3,"name":"Static switches"}]},{"@type":"WebSite","@id":"http:\/\/www.drtec.com\/it\/#website","url":"http:\/\/www.drtec.com\/it\/","name":"DRTecnologie","description":"Quando l\u2019energia elettrica \u00e8 sicurezza, noi ci siamo","publisher":{"@id":"http:\/\/www.drtec.com\/it\/#organization"},"potentialAction":[{"@type":"SearchAction","target":{"@type":"EntryPoint","urlTemplate":"http:\/\/www.drtec.com\/it\/?s={search_term_string}"},"query-input":"required name=search_term_string"}],"inLanguage":"it-IT"},{"@type":"Organization","@id":"http:\/\/www.drtec.com\/it\/#organization","name":"DRTecnologie","url":"http:\/\/www.drtec.com\/it\/","sameAs":["https:\/\/www.linkedin.com\/company\/drtecnologie\/","https:\/\/twitter.com\/drtecnologie"],"logo":{"@type":"ImageObject","inLanguage":"it-IT","@id":"http:\/\/www.drtec.com\/it\/#\/schema\/logo\/image\/","url":"http:\/\/www.drtec.com\/wp-content\/uploads\/drtlogo2016b.png","contentUrl":"http:\/\/www.drtec.com\/wp-content\/uploads\/drtlogo2016b.png","width":247,"height":100,"caption":"DRTecnologie"},"image":{"@id":"http:\/\/www.drtec.com\/it\/#\/schema\/logo\/image\/"}}]}},"_links":{"self":[{"href":"http:\/\/www.drtec.com\/it\/wp-json\/wp\/v2\/pages\/210"}],"collection":[{"href":"http:\/\/www.drtec.com\/it\/wp-json\/wp\/v2\/pages"}],"about":[{"href":"http:\/\/www.drtec.com\/it\/wp-json\/wp\/v2\/types\/page"}],"author":[{"embeddable":true,"href":"http:\/\/www.drtec.com\/it\/wp-json\/wp\/v2\/users\/1"}],"replies":[{"embeddable":true,"href":"http:\/\/www.drtec.com\/it\/wp-json\/wp\/v2\/comments?post=210"}],"version-history":[{"count":13,"href":"http:\/\/www.drtec.com\/it\/wp-json\/wp\/v2\/pages\/210\/revisions"}],"predecessor-version":[{"id":1207,"href":"http:\/\/www.drtec.com\/it\/wp-json\/wp\/v2\/pages\/210\/revisions\/1207"}],"up":[{"embeddable":true,"href":"http:\/\/www.drtec.com\/it\/wp-json\/wp\/v2\/pages\/252"}],"wp:attachment":[{"href":"http:\/\/www.drtec.com\/it\/wp-json\/wp\/v2\/media?parent=210"}],"curies":[{"name":"wp","href":"https:\/\/api.w.org\/{rel}","templated":true}]}}